{"id":544,"date":"2023-08-23T15:27:37","date_gmt":"2023-08-23T15:27:37","guid":{"rendered":"https:\/\/agenda.dercocenterpromociones.cl\/?page_id=544"},"modified":"2026-03-13T11:14:37","modified_gmt":"2026-03-13T14:14:37","slug":"test-drive-changan-16-11-x7-plus-y-uni-k","status":"publish","type":"page","link":"https:\/\/agenda.dercocenterpromociones.cl\/","title":{"rendered":"Test Drive &#8211; GWM POER GWM Las Hueltatas"},"content":{"rendered":"<p>[et_pb_section fb_built=\u00bb1&#8243; _builder_version=\u00bb4.19.4&#8243; module_alignment=\u00bbcenter\u00bb custom_margin=\u00bb0px|0px|1px|0px|false|false\u00bb custom_padding=\u00bb0px|0px|0px|0px|false|false\u00bb global_colors_info=\u00bb{}\u00bb][et_pb_row column_structure=\u00bb1_2,1_2&#8243; _builder_version=\u00bb4.19.4&#8243; _module_preset=\u00bbdefault\u00bb width=\u00bb100%\u00bb width_tablet=\u00bb100%\u00bb width_phone=\u00bb100%\u00bb width_last_edited=\u00bbon|desktop\u00bb max_width=\u00bb1280px\u00bb module_alignment=\u00bbcenter\u00bb min_height=\u00bb720px\u00bb min_height_tablet=\u00bb\u00bb min_height_phone=\u00bb\u00bb min_height_last_edited=\u00bbon|desktop\u00bb height=\u00bb918px\u00bb custom_margin=\u00bb-8px|1px|-47px|0px|false|false\u00bb custom_padding=\u00bb0px|1px|1px|0px|false|false\u00bb global_colors_info=\u00bb{}\u00bb][et_pb_column type=\u00bb1_2&#8243; _builder_version=\u00bb4.19.4&#8243; _module_preset=\u00bbdefault\u00bb global_colors_info=\u00bb{}\u00bb][et_pb_image src=\u00bbhttps:\/\/agenda.dercocenterpromociones.cl\/wp-content\/uploads\/2026\/03\/DRC-Landing-Sunset-Las-Condes-GWM-y-DFSK_1080x1920.jpg\u00bb title_text=\u00bbDRC-Landing-Sunset Las Condes GWM y DFSK_1080x1080&#8243; align=\u00bbcenter\u00bb src_tablet=\u00bbhttps:\/\/agenda.dercocenterpromociones.cl\/wp-content\/uploads\/2026\/03\/DRC-Landing-Sunset-Las-Condes-GWM-y-DFSK_1080x1920.jpg\u00bb src_phone=\u00bbhttps:\/\/agenda.dercocenterpromociones.cl\/wp-content\/uploads\/2026\/03\/DRC-Landing-Sunset-Las-Condes-GWM-y-DFSK_1080x1080.jpg\u00bb src_last_edited=\u00bbon|desktop\u00bb _builder_version=\u00bb4.19.4&#8243; _module_preset=\u00bbdefault\u00bb width=\u00bb100%\u00bb width_tablet=\u00bb100%\u00bb width_phone=\u00bb\u00bb width_last_edited=\u00bbon|phone\u00bb max_width=\u00bb100%\u00bb module_alignment=\u00bbcenter\u00bb min_height_tablet=\u00bb\u00bb min_height_phone=\u00bb\u00bb min_height_last_edited=\u00bbon|desktop\u00bb height_tablet=\u00bb\u00bb height_phone=\u00bb\u00bb height_last_edited=\u00bbon|desktop\u00bb custom_margin=\u00bb20px||-1px||false|false\u00bb custom_margin_last_edited=\u00bboff|phone\u00bb custom_padding=\u00bb0px|0px|0px|0px|false|false\u00bb hover_enabled=\u00bb0&#8243; global_colors_info=\u00bb{}\u00bb sticky_enabled=\u00bb0&#8243;][\/et_pb_image][\/et_pb_column][et_pb_column type=\u00bb1_2&#8243; _builder_version=\u00bb4.19.4&#8243; _module_preset=\u00bbdefault\u00bb global_colors_info=\u00bb{}\u00bb][et_pb_text _builder_version=\u00bb4.19.4&#8243; _module_preset=\u00bbdefault\u00bb text_font_size=\u00bb13px\u00bb text_line_height=\u00bb2.4em\u00bb text_orientation=\u00bbcenter\u00bb min_height=\u00bb36px\u00bb custom_margin=\u00bb25px|10px|11px|10px|false|false\u00bb custom_padding=\u00bb5px||5px||false|false\u00bb border_radii=\u00bbon|0px|0px|0px|0px\u00bb border_width_right=\u00bb28px\u00bb border_style_right=\u00bbnone\u00bb global_colors_info=\u00bb{}\u00bb]<\/p>\n<div class=\"et_pb_module et_pb_text et_pb_text_1  et_pb_text_align_left et_pb_bg_layout_light\">\n<div class=\"et_pb_text_inner\">\n<h3 style=\"text-align: center;\"><strong>Registra tus datos para que te contactemos<\/strong><\/h3>\n<\/div>\n<\/div>\n<div class=\"et_pb_module et_pb_text et_pb_text_2  et_pb_text_align_center et_pb_bg_layout_light\">\n<div class=\"et_pb_text_inner\"><\/div>\n<\/div>\n<p>[\/et_pb_text][et_pb_code _builder_version=\u00bb4.19.4&#8243; _module_preset=\u00bbdefault\u00bb text_orientation=\u00bbleft\u00bb width=\u00bb89.2%\u00bb width_tablet=\u00bb80%\u00bb width_phone=\u00bb78%\u00bb width_last_edited=\u00bbon|tablet\u00bb module_alignment=\u00bbcenter\u00bb min_height=\u00bb295px\u00bb custom_margin=\u00bb22px||0px||false|false\u00bb custom_padding=\u00bb0px|1px|0px||false|false\u00bb hover_enabled=\u00bb0&#8243; global_colors_info=\u00bb{}\u00bb sticky_enabled=\u00bb0&#8243;]<div class=\"forminator-ui forminator-custom-form forminator-custom-form-799 forminator-design--default forminator-custom forminator_ajax\" data-forminator-render=\"0\" data-form=\"forminator-module-799\" data-uid=\"69d3ae66aa06a\"><br\/><\/div><form\n\t\t\t\tid=\"forminator-module-799\"\n\t\t\t\tclass=\"forminator-ui forminator-custom-form forminator-custom-form-799 forminator-design--default forminator-custom forminator_ajax\"\n\t\t\t\tmethod=\"post\"\n\t\t\t\tdata-forminator-render=\"0\"\n\t\t\t\tdata-form-id=\"799\"\n\t\t\t\t\n\t\t\t\tdata-design=\"default\"\n\t\t\t\tdata-color-option=\"default\"\n\t\t\t\t\n\t\t\t\t\n\t\t\t\t\n\t\t\t\tdata-grid=\"custom\"\n\t\t\t\t\n\t\t\t\t\n\t\t\t\tstyle=\"display: none;\"\n\t\t\t\t\n\t\t\t\tdata-uid=\"69d3ae66aa06a\"\n\t\t\t><div role=\"alert\" aria-live=\"polite\" class=\"forminator-response-message forminator-error\" aria-hidden=\"true\"><\/div><div class=\"forminator-row\"><div id=\"name-1\" class=\"forminator-field-name forminator-col forminator-col-12 \"><div class=\"forminator-field\"><label for=\"forminator-field-name-1_69d3ae66aa06a\" id=\"forminator-field-name-1_69d3ae66aa06a-label\" class=\"forminator-label\">Nombre Completo <span class=\"forminator-required\">*<\/span><\/label><input type=\"text\" name=\"name-1\" value=\"\" placeholder=\"Nombre\" id=\"forminator-field-name-1_69d3ae66aa06a\" class=\"forminator-input forminator-name--field\" aria-required=\"true\" \/><\/div><\/div><\/div><div class=\"forminator-row\"><div id=\"text-1\" class=\"forminator-field-text forminator-col forminator-col-12 \"><div class=\"forminator-field\"><label for=\"forminator-field-text-1_69d3ae66aa06a\" id=\"forminator-field-text-1_69d3ae66aa06a-label\" class=\"forminator-label\">RUT <span class=\"forminator-required\">*<\/span><\/label><input type=\"text\" name=\"text-1\" value=\"\" placeholder=\"Ingresa tu RUT sin puntos ni guion\" id=\"forminator-field-text-1_69d3ae66aa06a\" class=\"forminator-input forminator-name--field\" data-required=\"1\" maxlength=\"9\" \/><span id=\"forminator-field-text-1_69d3ae66aa06a-description\" class=\"forminator-description\"><span data-limit=\"9\" data-type=\"characters\">0 \/ 9<\/span><\/span><\/div><\/div><\/div><div class=\"forminator-row\"><div id=\"phone-1\" class=\"forminator-field-phone forminator-col forminator-col-12 \"><div class=\"forminator-field\"><label for=\"forminator-field-phone-1_69d3ae66aa06a\" id=\"forminator-field-phone-1_69d3ae66aa06a-label\" class=\"forminator-label\">Tel\u00e9fono <span class=\"forminator-required\">*<\/span><\/label><input type=\"text\" name=\"phone-1\" value=\"\" placeholder=\"Ejemplo: +56 9 1234 5678\" id=\"forminator-field-phone-1_69d3ae66aa06a\" class=\"forminator-input forminator-field--phone\" data-required=\"1\" aria-required=\"true\" autocomplete=\"off\" data-national_mode=\"enabled\" data-country=\"cl\" data-validation=\"standard\" \/><\/div><\/div><\/div><div class=\"forminator-row\"><div id=\"email-1\" class=\"forminator-field-email forminator-col forminator-col-12 \"><div class=\"forminator-field\"><label for=\"forminator-field-email-1_69d3ae66aa06a\" id=\"forminator-field-email-1_69d3ae66aa06a-label\" class=\"forminator-label\">Email <span class=\"forminator-required\">*<\/span><\/label><input type=\"email\" name=\"email-1\" value=\"\" placeholder=\"ejemplo@ejemplo.com\" id=\"forminator-field-email-1_69d3ae66aa06a\" class=\"forminator-input forminator-email--field\" data-required=\"1\" aria-required=\"true\" \/><\/div><\/div><\/div><div class=\"forminator-row\"><div id=\"date-1\" class=\"forminator-field-date forminator-col forminator-col-12 \"><div class=\"forminator-field\"><label for=\"forminator-field-date-1-picker_69d3ae66aa06a\" id=\"forminator-field-date-1-picker_69d3ae66aa06a-label\" class=\"forminator-label\">\u00bfQu\u00e9 d\u00eda te gustar\u00eda agendar? <span class=\"forminator-required\">*<\/span><\/label><div class=\"forminator-input-with-icon\"><span class=\"forminator-icon-calendar\" aria-hidden=\"true\"><\/span><input autocomplete=\"off\" type=\"text\" size=\"1\" name=\"date-1\" value=\"19-03-2026\" placeholder=\"\u00bfQu\u00e9 d\u00eda te gustar\u00eda agendar?\" id=\"forminator-field-date-1-picker_69d3ae66aa06a\" class=\"forminator-input forminator-datepicker\" data-required=\"1\" data-format=\"dd-mm-yy\" data-restrict-type=\"week\" data-restrict=\"0,1,2,3,5,6\" data-start-year=\"2026\" data-end-year=\"2026\" data-past-dates=\"enable\" data-start-of-week=\"1\" data-start-date=\"03\/19\/2026\" data-end-date=\"03\/19\/2026\" data-start-field=\"\" data-end-field=\"\" data-start-offset=\"\" data-end-offset=\"\" data-disable-date=\"\" data-disable-range=\"\" \/><\/div><\/div><\/div><\/div><div class=\"forminator-row\"><div id=\"select-5\" class=\"forminator-field-select forminator-col forminator-col-12 \"><div class=\"forminator-field\"><label for=\"forminator-form-799__field--select-5_69d3ae66aa06a\" id=\"forminator-form-799__field--select-5_69d3ae66aa06a-label\" class=\"forminator-label\">Marca de inter\u00e9s <span class=\"forminator-required\">*<\/span><\/label><select  id=\"forminator-form-799__field--select-5_69d3ae66aa06a\" class=\"forminator-select--field forminator-select2 forminator-select2-multiple\" data-required=\"1\" name=\"select-5\" data-default-value=\"\" data-hidden-behavior=\"zero\" data-placeholder=\"Marca de inter\u00e9s\" data-search=\"false\" data-search-placeholder=\"Marca de inter\u00e9s\" data-checkbox=\"false\" data-allow-clear=\"false\" aria-labelledby=\"forminator-form-799__field--select-5_69d3ae66aa06a-label\"><option value=\"\"  >Marca de inter\u00e9s<\/option><option value=\"GWM\"  data-calculation=\"0\">GWM<\/option><option value=\"DFSK\"  data-calculation=\"0\">DFSK<\/option><\/select><\/div><\/div><\/div><input type=\"hidden\" name=\"referer_url\" value=\"\" \/><div class=\"forminator-row forminator-row-last\"><div class=\"forminator-col\"><div class=\"forminator-field\"><button class=\"forminator-button forminator-button-submit\">Enviar<\/button><\/div><\/div><\/div><input type=\"hidden\" id=\"forminator_nonce\" name=\"forminator_nonce\" value=\"d86ce82390\" \/><input type=\"hidden\" name=\"_wp_http_referer\" value=\"\/index.php?rest_route=%2Fwp%2Fv2%2Fpages%2F544\" \/><input type=\"hidden\" name=\"form_id\" value=\"799\"><input type=\"hidden\" name=\"page_id\" value=\"544\"><input type=\"hidden\" name=\"form_type\" value=\"default\"><input type=\"hidden\" name=\"current_url\" value=\"https:\/\/agenda.dercocenterpromociones.cl\/\"><input type=\"hidden\" name=\"render_id\" value=\"0\"><input type=\"hidden\" name=\"action\" value=\"forminator_submit_form_custom-forms\"><label for=\"input_7\" class=\"forminator-hidden\" aria-hidden=\"true\">Por favor, no rellenes este campo. <input id=\"input_7\" type=\"text\" name=\"input_7\" value=\"\" autocomplete=\"off\"><\/label><\/form>[\/et_pb_code][\/et_pb_column][\/et_pb_row][et_pb_row _builder_version=\u00bb4.19.4&#8243; _module_preset=\u00bbdefault\u00bb custom_padding=\u00bb||8px|||\u00bb global_colors_info=\u00bb{}\u00bb][et_pb_column type=\u00bb4_4&#8243; _builder_version=\u00bb4.19.4&#8243; _module_preset=\u00bbdefault\u00bb global_colors_info=\u00bb{}\u00bb][et_pb_text _builder_version=\u00bb4.19.4&#8243; _module_preset=\u00bbdefault\u00bb global_colors_info=\u00bb{}\u00bb][\/et_pb_text][\/et_pb_column][\/et_pb_row][et_pb_row _builder_version=\u00bb4.19.4&#8243; _module_preset=\u00bbdefault\u00bb max_width=\u00bb1273px\u00bb min_height=\u00bb59px\u00bb custom_margin=\u00bb4px|auto||auto||\u00bb custom_padding=\u00bb3px|||||\u00bb global_colors_info=\u00bb{}\u00bb][et_pb_column type=\u00bb4_4&#8243; _builder_version=\u00bb4.19.4&#8243; _module_preset=\u00bbdefault\u00bb global_colors_info=\u00bb{}\u00bb][et_pb_divider color=\u00bbRGBA(255,255,255,0)\u00bb _builder_version=\u00bb4.19.4&#8243; _module_preset=\u00bbdefault\u00bb background_color=\u00bb#808080&#8243; width=\u00bb1280px\u00bb max_width=\u00bb100%\u00bb min_height=\u00bb100%\u00bb height=\u00bb100%\u00bb custom_margin=\u00bb11px|0px||0px|false|false\u00bb global_colors_info=\u00bb{}\u00bb][\/et_pb_divider][\/et_pb_column][\/et_pb_row][\/et_pb_section]<\/p>\n","protected":false},"excerpt":{"rendered":"<p>Registra tus datos para que te contactemos <div class=\"forminator-ui forminator-custom-form forminator-custom-form-799 forminator-design--default forminator-custom forminator_ajax\" data-forminator-render=\"1\" data-form=\"forminator-module-799\" data-uid=\"69d3ae66c250d\"><br\/><\/div><form\n\t\t\t\tid=\"forminator-module-799\"\n\t\t\t\tclass=\"forminator-ui forminator-custom-form forminator-custom-form-799 forminator-design--default forminator-custom forminator_ajax\"\n\t\t\t\tmethod=\"post\"\n\t\t\t\tdata-forminator-render=\"1\"\n\t\t\t\tdata-form-id=\"799\"\n\t\t\t\t\n\t\t\t\tdata-design=\"default\"\n\t\t\t\tdata-color-option=\"default\"\n\t\t\t\t\n\t\t\t\t\n\t\t\t\t\n\t\t\t\tdata-grid=\"custom\"\n\t\t\t\t\n\t\t\t\t\n\t\t\t\tstyle=\"display: none;\"\n\t\t\t\t\n\t\t\t\tdata-uid=\"69d3ae66c250d\"\n\t\t\t><div role=\"alert\" aria-live=\"polite\" class=\"forminator-response-message forminator-error\" aria-hidden=\"true\"><\/div><div class=\"forminator-row\"><div id=\"name-1\" class=\"forminator-field-name forminator-col forminator-col-12 \"><div class=\"forminator-field\"><label for=\"forminator-field-name-1_69d3ae66c250d\" id=\"forminator-field-name-1_69d3ae66c250d-label\" class=\"forminator-label\">Nombre Completo <span class=\"forminator-required\">*<\/span><\/label><input type=\"text\" name=\"name-1\" value=\"\" placeholder=\"Nombre\" id=\"forminator-field-name-1_69d3ae66c250d\" class=\"forminator-input forminator-name--field\" aria-required=\"true\" \/><\/div><\/div><\/div><div class=\"forminator-row\"><div id=\"text-1\" class=\"forminator-field-text forminator-col forminator-col-12 \"><div class=\"forminator-field\"><label for=\"forminator-field-text-1_69d3ae66c250d\" id=\"forminator-field-text-1_69d3ae66c250d-label\" class=\"forminator-label\">RUT <span class=\"forminator-required\">*<\/span><\/label><input type=\"text\" name=\"text-1\" value=\"\" placeholder=\"Ingresa tu RUT sin puntos ni guion\" id=\"forminator-field-text-1_69d3ae66c250d\" class=\"forminator-input forminator-name--field\" data-required=\"1\" maxlength=\"9\" \/><span id=\"forminator-field-text-1_69d3ae66c250d-description\" class=\"forminator-description\"><span data-limit=\"9\" data-type=\"characters\">0 \/ 9<\/span><\/span><\/div><\/div><\/div><div class=\"forminator-row\"><div id=\"phone-1\" class=\"forminator-field-phone forminator-col forminator-col-12 \"><div class=\"forminator-field\"><label for=\"forminator-field-phone-1_69d3ae66c250d\" id=\"forminator-field-phone-1_69d3ae66c250d-label\" class=\"forminator-label\">Tel\u00e9fono <span class=\"forminator-required\">*<\/span><\/label><input type=\"text\" name=\"phone-1\" value=\"\" placeholder=\"Ejemplo: +56 9 1234 5678\" id=\"forminator-field-phone-1_69d3ae66c250d\" class=\"forminator-input forminator-field--phone\" data-required=\"1\" aria-required=\"true\" autocomplete=\"off\" data-national_mode=\"enabled\" data-country=\"cl\" data-validation=\"standard\" \/><\/div><\/div><\/div><div class=\"forminator-row\"><div id=\"email-1\" class=\"forminator-field-email forminator-col forminator-col-12 \"><div class=\"forminator-field\"><label for=\"forminator-field-email-1_69d3ae66c250d\" id=\"forminator-field-email-1_69d3ae66c250d-label\" class=\"forminator-label\">Email <span class=\"forminator-required\">*<\/span><\/label><input type=\"email\" name=\"email-1\" value=\"\" placeholder=\"ejemplo@ejemplo.com\" id=\"forminator-field-email-1_69d3ae66c250d\" class=\"forminator-input forminator-email--field\" data-required=\"1\" aria-required=\"true\" \/><\/div><\/div><\/div><div class=\"forminator-row\"><div id=\"date-1\" class=\"forminator-field-date forminator-col forminator-col-12 \"><div class=\"forminator-field\"><label for=\"forminator-field-date-1-picker_69d3ae66c250d\" id=\"forminator-field-date-1-picker_69d3ae66c250d-label\" class=\"forminator-label\">\u00bfQu\u00e9 d\u00eda te gustar\u00eda agendar? <span class=\"forminator-required\">*<\/span><\/label><div class=\"forminator-input-with-icon\"><span class=\"forminator-icon-calendar\" aria-hidden=\"true\"><\/span><input autocomplete=\"off\" type=\"text\" size=\"1\" name=\"date-1\" value=\"19-03-2026\" placeholder=\"\u00bfQu\u00e9 d\u00eda te gustar\u00eda agendar?\" id=\"forminator-field-date-1-picker_69d3ae66c250d\" class=\"forminator-input forminator-datepicker\" data-required=\"1\" data-format=\"dd-mm-yy\" data-restrict-type=\"week\" data-restrict=\"0,1,2,3,5,6\" data-start-year=\"2026\" data-end-year=\"2026\" data-past-dates=\"enable\" data-start-of-week=\"1\" data-start-date=\"03\/19\/2026\" data-end-date=\"03\/19\/2026\" data-start-field=\"\" data-end-field=\"\" data-start-offset=\"\" data-end-offset=\"\" data-disable-date=\"\" data-disable-range=\"\" \/><\/div><\/div><\/div><\/div><div class=\"forminator-row\"><div id=\"select-5\" class=\"forminator-field-select forminator-col forminator-col-12 \"><div class=\"forminator-field\"><label for=\"forminator-form-799__field--select-5_69d3ae66c250d\" id=\"forminator-form-799__field--select-5_69d3ae66c250d-label\" class=\"forminator-label\">Marca de inter\u00e9s <span class=\"forminator-required\">*<\/span><\/label><select  id=\"forminator-form-799__field--select-5_69d3ae66c250d\" class=\"forminator-select--field forminator-select2 forminator-select2-multiple\" data-required=\"1\" name=\"select-5\" data-default-value=\"\" data-hidden-behavior=\"zero\" data-placeholder=\"Marca de inter\u00e9s\" data-search=\"false\" data-search-placeholder=\"Marca de inter\u00e9s\" data-checkbox=\"false\" data-allow-clear=\"false\" aria-labelledby=\"forminator-form-799__field--select-5_69d3ae66c250d-label\"><option value=\"\"  >Marca de inter\u00e9s<\/option><option value=\"GWM\"  data-calculation=\"0\">GWM<\/option><option value=\"DFSK\"  data-calculation=\"0\">DFSK<\/option><\/select><\/div><\/div><\/div><input type=\"hidden\" name=\"referer_url\" value=\"\" \/><div class=\"forminator-row forminator-row-last\"><div class=\"forminator-col\"><div class=\"forminator-field\"><button class=\"forminator-button forminator-button-submit\">Enviar<\/button><\/div><\/div><\/div><input type=\"hidden\" id=\"forminator_nonce\" name=\"forminator_nonce\" value=\"d86ce82390\" \/><input type=\"hidden\" name=\"_wp_http_referer\" value=\"\/index.php?rest_route=%2Fwp%2Fv2%2Fpages%2F544\" \/><input type=\"hidden\" name=\"form_id\" value=\"799\"><input type=\"hidden\" name=\"page_id\" value=\"544\"><input type=\"hidden\" name=\"form_type\" value=\"default\"><input type=\"hidden\" name=\"current_url\" value=\"https:\/\/agenda.dercocenterpromociones.cl\/\"><input type=\"hidden\" name=\"render_id\" value=\"1\"><input type=\"hidden\" name=\"action\" value=\"forminator_submit_form_custom-forms\"><label for=\"input_7\" class=\"forminator-hidden\" aria-hidden=\"true\">Por favor, no rellenes este campo. <input id=\"input_7\" type=\"text\" name=\"input_7\" value=\"\" autocomplete=\"off\"><\/label><label for=\"input_7\" class=\"forminator-hidden\" aria-hidden=\"true\">Por favor, no rellenes este campo. <input id=\"input_7\" type=\"text\" name=\"input_7\" value=\"\" autocomplete=\"off\"><\/label><\/form><\/p>\n","protected":false},"author":1,"featured_media":0,"parent":0,"menu_order":0,"comment_status":"closed","ping_status":"closed","template":"page-template-blank.php","meta":{"_et_pb_use_builder":"on","_et_pb_old_content":"","_et_gb_content_width":"","footnotes":""},"class_list":["post-544","page","type-page","status-publish","hentry"],"_links":{"self":[{"href":"https:\/\/agenda.dercocenterpromociones.cl\/index.php?rest_route=\/wp\/v2\/pages\/544","targetHints":{"allow":["GET"]}}],"collection":[{"href":"https:\/\/agenda.dercocenterpromociones.cl\/index.php?rest_route=\/wp\/v2\/pages"}],"about":[{"href":"https:\/\/agenda.dercocenterpromociones.cl\/index.php?rest_route=\/wp\/v2\/types\/page"}],"author":[{"embeddable":true,"href":"https:\/\/agenda.dercocenterpromociones.cl\/index.php?rest_route=\/wp\/v2\/users\/1"}],"replies":[{"embeddable":true,"href":"https:\/\/agenda.dercocenterpromociones.cl\/index.php?rest_route=%2Fwp%2Fv2%2Fcomments&post=544"}],"version-history":[{"count":92,"href":"https:\/\/agenda.dercocenterpromociones.cl\/index.php?rest_route=\/wp\/v2\/pages\/544\/revisions"}],"predecessor-version":[{"id":802,"href":"https:\/\/agenda.dercocenterpromociones.cl\/index.php?rest_route=\/wp\/v2\/pages\/544\/revisions\/802"}],"wp:attachment":[{"href":"https:\/\/agenda.dercocenterpromociones.cl\/index.php?rest_route=%2Fwp%2Fv2%2Fmedia&parent=544"}],"curies":[{"name":"wp","href":"https:\/\/api.w.org\/{rel}","templated":true}]}}